{"id":1005,"date":"2013-11-26T19:05:41","date_gmt":"2013-11-26T19:05:41","guid":{"rendered":"http:\/\/tripodart.net\/cursos\/?page_id=1005"},"modified":"2021-01-10T02:51:58","modified_gmt":"2021-01-10T02:51:58","slug":"clases-fotografia-on-line","status":"publish","type":"page","link":"https:\/\/tripodart.net\/cursos\/clases-fotografia-on-line\/","title":{"rendered":"Clases fotograf\u00eda de Boda on-line"},"content":{"rendered":"\n<p class=\"has-text-align-left\">Las Clases particulares de fotograf\u00eda a distancia (<em>on-line)<\/em> se realizan por videoconferencia. Utilizando el programa <strong><a href=\"https:\/\/www.skype.com\/es\/\" target=\"_blank\" rel=\"noreferrer noopener\">Skype<\/a><\/strong> o <strong>Google Hangouts<\/strong> nos permite comunicar de forma directa y Con una simple web-cam podemos ver nos la cara.<\/p>\n\n\n\n<div class=\"wp-block-image\"><figure class=\"aligncenter size-large\"><img decoding=\"async\" loading=\"lazy\" width=\"756\" height=\"567\" src=\"https:\/\/tripodart.net\/cursos\/wp-content\/uploads\/2021\/01\/skype-logo-on-imac.png\" alt=\"clases-fotografia-on-line\" class=\"wp-image-3373\" srcset=\"https:\/\/tripodart.net\/cursos\/wp-content\/uploads\/2021\/01\/skype-logo-on-imac.png 756w, https:\/\/tripodart.net\/cursos\/wp-content\/uploads\/2021\/01\/skype-logo-on-imac-620x465.png 620w\" sizes=\"(max-width: 756px) 100vw, 756px\" \/><figcaption>Clases a distancia con Skype<\/figcaption><\/figure><\/div>\n\n\n\n<p class=\"has-text-align-left\">Con la ayuda de presentaciones interactivas las clases son din\u00e1micas y variadas. Te mostrar\u00e9 v\u00eddeos, fotos y podr\u00e1s ver en directo como selecciono, edito y retoco las fotos.\u00a0 Durante la clase a distancia revisar\u00e9 tu trabajo para ayudarte a identificar los puntos fuertes y los aspectos que puedes mejorar.<\/p>\n\n\n\n<p>La ventaja de las clases de fotograf\u00eda on-line es que puedes seguirlas en horarios y d\u00edas que te vienen bien sin necesidad de desplazarse. Tu eliges cuando y cuantas horas quieres hacer. Dependiendo de los temas tratados las clases de fotograf\u00eda on-line pueden tener una duraci\u00f3n de una, dos o tres horas.<\/p>\n\n\n\n<figure class=\"wp-block-image size-large\"><img decoding=\"async\" loading=\"lazy\" width=\"1024\" height=\"683\" src=\"https:\/\/tripodart.net\/cursos\/wp-content\/uploads\/2020\/01\/nimble_asset_intro_three-1024x683.jpg\" alt=\"clase-fotografia-on-line 2021\" class=\"wp-image-3084\" srcset=\"https:\/\/tripodart.net\/cursos\/wp-content\/uploads\/2020\/01\/nimble_asset_intro_three-1024x683.jpg 1024w, https:\/\/tripodart.net\/cursos\/wp-content\/uploads\/2020\/01\/nimble_asset_intro_three-620x413.jpg 620w, https:\/\/tripodart.net\/cursos\/wp-content\/uploads\/2020\/01\/nimble_asset_intro_three-768x512.jpg 768w, https:\/\/tripodart.net\/cursos\/wp-content\/uploads\/2020\/01\/nimble_asset_intro_three-1536x1024.jpg 1536w, https:\/\/tripodart.net\/cursos\/wp-content\/uploads\/2020\/01\/nimble_asset_intro_three.jpg 1920w\" sizes=\"(max-width: 1024px) 100vw, 1024px\" \/><\/figure>\n\n\n\n<h2 class=\"wp-block-heading\">Curso Fotograf\u00eda de Boda on-line<\/h2>\n\n\n\n<h3 class=\"wp-block-heading\">Talleres personalizados por&nbsp;videoconferencia<\/h3>\n\n\n\n<ul><li>Fotograf\u00eda de boda avanzada (Flujo de trabajo, edici\u00f3n con Lightroom o Aperture, direcci\u00f3n, t\u00e9cnicas de iluminaci\u00f3n con flash&#8230;)<\/li><li>Asistencia t\u00e9cnicas avanzadas y equipo<\/li><li>Coaching (Revisi\u00f3n portfolio, estrategia de comunicaci\u00f3n, imagen, branding, an\u00e1lisis de objetivos)<\/li><li>Marketing para fot\u00f3grafos (<a href=\"https:\/\/tripodart.net\/cursos\/2019\/crea-tu-web-con-wordpress\/\">creaci\u00f3n web-blog en Word Press<\/a>, portfolio, estrategia de comunicaci\u00f3n, publicidad, redes sociales)<\/li><\/ul>\n\n\n\n<div class=\"wp-block-image\"><figure class=\"aligncenter\"><img decoding=\"async\" src=\"http:\/\/tripodart.net\/cursos\/wp-content\/uploads\/2013\/11\/nikon-d300.png\" alt=\"curso fotografia on-line para fot\u00f3grafos\"\/><\/figure><\/div>\n\n\n\n<figure class=\"wp-block-gallery columns-6 is-cropped wp-block-gallery-1 is-layout-flex wp-block-gallery-is-layout-flex\"><ul class=\"blocks-gallery-grid\"><li class=\"blocks-gallery-item\"><figure><a href=\"https:\/\/tripodart.net\/cursos\/wp-content\/uploads\/2016\/01\/DSC_6961.jpg\"><img decoding=\"async\" loading=\"lazy\" width=\"900\" height=\"600\" src=\"https:\/\/tripodart.net\/cursos\/wp-content\/uploads\/2016\/01\/DSC_6961.jpg\" alt=\"\" data-id=\"2233\" class=\"wp-image-2233\" srcset=\"https:\/\/tripodart.net\/cursos\/wp-content\/uploads\/2016\/01\/DSC_6961.jpg 900w, https:\/\/tripodart.net\/cursos\/wp-content\/uploads\/2016\/01\/DSC_6961-620x413.jpg 620w, https:\/\/tripodart.net\/cursos\/wp-content\/uploads\/2016\/01\/DSC_6961-768x512.jpg 768w\" sizes=\"(max-width: 900px) 100vw, 900px\" \/><\/a><\/figure><\/li><li class=\"blocks-gallery-item\"><figure><a href=\"https:\/\/tripodart.net\/cursos\/wp-content\/uploads\/2015\/12\/revolution-preview-1.jpg\"><img decoding=\"async\" loading=\"lazy\" width=\"900\" height=\"600\" src=\"https:\/\/tripodart.net\/cursos\/wp-content\/uploads\/2015\/12\/revolution-preview-1.jpg\" alt=\"\" data-id=\"2139\" class=\"wp-image-2139\" srcset=\"https:\/\/tripodart.net\/cursos\/wp-content\/uploads\/2015\/12\/revolution-preview-1.jpg 900w, https:\/\/tripodart.net\/cursos\/wp-content\/uploads\/2015\/12\/revolution-preview-1-620x413.jpg 620w\" sizes=\"(max-width: 900px) 100vw, 900px\" \/><\/a><\/figure><\/li><li class=\"blocks-gallery-item\"><figure><a href=\"https:\/\/tripodart.net\/cursos\/wp-content\/uploads\/2015\/09\/reportaje-boda_0013.jpg\"><img decoding=\"async\" loading=\"lazy\" width=\"900\" height=\"599\" src=\"https:\/\/tripodart.net\/cursos\/wp-content\/uploads\/2015\/09\/reportaje-boda_0013.jpg\" alt=\"\" data-id=\"2059\" class=\"wp-image-2059\" srcset=\"https:\/\/tripodart.net\/cursos\/wp-content\/uploads\/2015\/09\/reportaje-boda_0013.jpg 900w, https:\/\/tripodart.net\/cursos\/wp-content\/uploads\/2015\/09\/reportaje-boda_0013-620x413.jpg 620w\" sizes=\"(max-width: 900px) 100vw, 900px\" \/><\/a><\/figure><\/li><li class=\"blocks-gallery-item\"><figure><a href=\"https:\/\/tripodart.net\/cursos\/wp-content\/uploads\/2015\/08\/equipo-foto-boda-2.jpg\"><img decoding=\"async\" loading=\"lazy\" width=\"1200\" height=\"797\" src=\"https:\/\/tripodart.net\/cursos\/wp-content\/uploads\/2015\/08\/equipo-foto-boda-2.jpg\" alt=\"\" data-id=\"2020\" class=\"wp-image-2020\" srcset=\"https:\/\/tripodart.net\/cursos\/wp-content\/uploads\/2015\/08\/equipo-foto-boda-2.jpg 1200w, https:\/\/tripodart.net\/cursos\/wp-content\/uploads\/2015\/08\/equipo-foto-boda-2-620x412.jpg 620w, https:\/\/tripodart.net\/cursos\/wp-content\/uploads\/2015\/08\/equipo-foto-boda-2-1024x680.jpg 1024w\" sizes=\"(max-width: 1200px) 100vw, 1200px\" \/><\/a><\/figure><\/li><li class=\"blocks-gallery-item\"><figure><a href=\"https:\/\/tripodart.net\/cursos\/wp-content\/uploads\/2014\/12\/BZM_1281_WEB.jpg\"><img decoding=\"async\" loading=\"lazy\" width=\"1218\" height=\"813\" src=\"https:\/\/tripodart.net\/cursos\/wp-content\/uploads\/2014\/12\/BZM_1281_WEB.jpg\" alt=\"\" data-id=\"1785\" class=\"wp-image-1785\" srcset=\"https:\/\/tripodart.net\/cursos\/wp-content\/uploads\/2014\/12\/BZM_1281_WEB.jpg 1218w, https:\/\/tripodart.net\/cursos\/wp-content\/uploads\/2014\/12\/BZM_1281_WEB-620x414.jpg 620w, https:\/\/tripodart.net\/cursos\/wp-content\/uploads\/2014\/12\/BZM_1281_WEB-1024x684.jpg 1024w, https:\/\/tripodart.net\/cursos\/wp-content\/uploads\/2014\/12\/BZM_1281_WEB-465x310.jpg 465w, https:\/\/tripodart.net\/cursos\/wp-content\/uploads\/2014\/12\/BZM_1281_WEB-590x394.jpg 590w\" sizes=\"(max-width: 1218px) 100vw, 1218px\" \/><\/a><\/figure><\/li><li class=\"blocks-gallery-item\"><figure><a href=\"https:\/\/tripodart.net\/cursos\/wp-content\/uploads\/2014\/09\/cambia-tu-forma.jpg\"><img decoding=\"async\" loading=\"lazy\" width=\"1200\" height=\"799\" src=\"https:\/\/tripodart.net\/cursos\/wp-content\/uploads\/2014\/09\/cambia-tu-forma.jpg\" alt=\"\" data-id=\"1704\" class=\"wp-image-1704\" srcset=\"https:\/\/tripodart.net\/cursos\/wp-content\/uploads\/2014\/09\/cambia-tu-forma.jpg 1200w, https:\/\/tripodart.net\/cursos\/wp-content\/uploads\/2014\/09\/cambia-tu-forma-620x412.jpg 620w, https:\/\/tripodart.net\/cursos\/wp-content\/uploads\/2014\/09\/cambia-tu-forma-1024x681.jpg 1024w, https:\/\/tripodart.net\/cursos\/wp-content\/uploads\/2014\/09\/cambia-tu-forma-465x309.jpg 465w, https:\/\/tripodart.net\/cursos\/wp-content\/uploads\/2014\/09\/cambia-tu-forma-590x392.jpg 590w\" sizes=\"(max-width: 1200px) 100vw, 1200px\" \/><\/a><\/figure><\/li><\/ul><\/figure>\n\n\n\n<h2 class=\"wp-block-heading\">Inversi\u00f3n:<\/h2>\n\n\n\n<p>El curso completo de fotograf\u00eda a distancia se compone de <strong>6 horas de clases on-line divididas en dos o tres videoconferencias.<\/strong> <\/p>\n\n\n\n<p>La inversi\u00f3n es de 530\u20ac incluye:<\/p>\n\n\n\n<ul><li> el curso<\/li><li>una cr\u00edtica del trabajo<\/li><li>material did\u00e1ctico en PDF<\/li><li>seguimiento durante dos semanas del trabajo realizado.<\/li><\/ul>\n\n\n\n<p class=\"has-text-align-center has-light-green-cyan-background-color has-background\"><strong>Este mes  reserva tu curso a tarifa reducida <br> 330\u20ac en lugar de <s>530\u20ac<\/s><\/strong><\/p>\n\n\n\n<div class=\"wp-block-buttons aligncenter is-layout-flex wp-block-buttons-is-layout-flex\">\n<div class=\"wp-block-button\"><a class=\"wp-block-button__link has-black-color has-light-green-cyan-background-color has-text-color has-background\" href=\"https:\/\/tripodart.net\/cursos\/inscripcion\/\">Reservar<\/a><\/div>\n<\/div>\n\n\n\n<p class=\"has-text-align-left\">Te ayudar\u00e9 a encontrar tus puntos d\u00e9biles y transformarlos en puntos de fuerza. No le des m\u00e1s vueltas: <a href=\"https:\/\/tripodart.net\/cursos\/inscripcion\/\">escribe un mensaje<\/a> indicando los d\u00edas y el horario que tienes disponibles\u00a0para las clases.<\/p>\n","protected":false},"excerpt":{"rendered":"<p>Las Clases particulares de fotograf\u00eda a distancia se realizan por videoconferencia. Utilizamos el programa Skype y Prezi para que el alumno escuche la clase mientras al mismo tiempo pueda ver material did\u00e1ctico en forma de presentaci\u00f3n visual.<\/p>\n","protected":false},"author":1,"featured_media":1468,"parent":0,"menu_order":0,"comment_status":"closed","ping_status":"open","template":"","meta":{"footnotes":""},"yoast_head":"<!-- This site is optimized with the Yoast SEO plugin v22.6 - https:\/\/yoast.com\/wordpress\/plugins\/seo\/ -->\n<title>Clases fotograf\u00eda de Boda on-line - Cursos de Fotograf\u00eda | Tripodart<\/title>\n<meta name=\"description\" content=\"Aprende fotograf\u00eda de boda desde casa. Clases de fotograf\u00eda on-line a tu ritmo para mejorar tu t\u00e9cnica y tus habilidades profesionales.\" \/>\n<meta name=\"robots\" content=\"index, follow, max-snippet:-1, max-image-preview:large, max-video-preview:-1\" \/>\n<link rel=\"canonical\" href=\"https:\/\/tripodart.net\/cursos\/clases-fotografia-on-line\/\" \/>\n<meta property=\"og:locale\" content=\"es_ES\" \/>\n<meta property=\"og:type\" content=\"article\" \/>\n<meta property=\"og:title\" content=\"Clases fotograf\u00eda de Boda on-line - Cursos de Fotograf\u00eda | Tripodart\" \/>\n<meta property=\"og:description\" content=\"Aprende fotograf\u00eda de boda desde casa. Clases de fotograf\u00eda on-line a tu ritmo para mejorar tu t\u00e9cnica y tus habilidades profesionales.\" \/>\n<meta property=\"og:url\" content=\"https:\/\/tripodart.net\/cursos\/clases-fotografia-on-line\/\" \/>\n<meta property=\"og:site_name\" content=\"Cursos de Fotograf\u00eda | Tripodart\" \/>\n<meta property=\"article:publisher\" content=\"https:\/\/www.facebook.com\/tripodart.cursos\/\" \/>\n<meta property=\"article:modified_time\" content=\"2021-01-10T02:51:58+00:00\" \/>\n<meta property=\"og:image\" content=\"https:\/\/tripodart.net\/cursos\/wp-content\/uploads\/2013\/11\/nikon-d300.png\" \/>\n\t<meta property=\"og:image:width\" content=\"470\" \/>\n\t<meta property=\"og:image:height\" content=\"432\" \/>\n\t<meta property=\"og:image:type\" content=\"image\/png\" \/>\n<meta name=\"twitter:card\" content=\"summary_large_image\" \/>\n<meta name=\"twitter:label1\" content=\"Tiempo de lectura\" \/>\n\t<meta name=\"twitter:data1\" content=\"2 minutos\" \/>\n<script type=\"application\/ld+json\" class=\"yoast-schema-graph\">{\"@context\":\"https:\/\/schema.org\",\"@graph\":[{\"@type\":\"WebPage\",\"@id\":\"https:\/\/tripodart.net\/cursos\/clases-fotografia-on-line\/\",\"url\":\"https:\/\/tripodart.net\/cursos\/clases-fotografia-on-line\/\",\"name\":\"Clases fotograf\u00eda de Boda on-line - Cursos de Fotograf\u00eda | Tripodart\",\"isPartOf\":{\"@id\":\"https:\/\/tripodart.net\/cursos\/#website\"},\"primaryImageOfPage\":{\"@id\":\"https:\/\/tripodart.net\/cursos\/clases-fotografia-on-line\/#primaryimage\"},\"image\":{\"@id\":\"https:\/\/tripodart.net\/cursos\/clases-fotografia-on-line\/#primaryimage\"},\"thumbnailUrl\":\"https:\/\/tripodart.net\/cursos\/wp-content\/uploads\/2013\/11\/nikon-d300.png\",\"datePublished\":\"2013-11-26T19:05:41+00:00\",\"dateModified\":\"2021-01-10T02:51:58+00:00\",\"description\":\"Aprende fotograf\u00eda de boda desde casa. Clases de fotograf\u00eda on-line a tu ritmo para mejorar tu t\u00e9cnica y tus habilidades profesionales.\",\"breadcrumb\":{\"@id\":\"https:\/\/tripodart.net\/cursos\/clases-fotografia-on-line\/#breadcrumb\"},\"inLanguage\":\"es\",\"potentialAction\":[{\"@type\":\"ReadAction\",\"target\":[\"https:\/\/tripodart.net\/cursos\/clases-fotografia-on-line\/\"]}]},{\"@type\":\"ImageObject\",\"inLanguage\":\"es\",\"@id\":\"https:\/\/tripodart.net\/cursos\/clases-fotografia-on-line\/#primaryimage\",\"url\":\"https:\/\/tripodart.net\/cursos\/wp-content\/uploads\/2013\/11\/nikon-d300.png\",\"contentUrl\":\"https:\/\/tripodart.net\/cursos\/wp-content\/uploads\/2013\/11\/nikon-d300.png\",\"width\":470,\"height\":432,\"caption\":\"c\u00e1mara fotogr\u00e1fica\"},{\"@type\":\"BreadcrumbList\",\"@id\":\"https:\/\/tripodart.net\/cursos\/clases-fotografia-on-line\/#breadcrumb\",\"itemListElement\":[{\"@type\":\"ListItem\",\"position\":1,\"name\":\"Portada\",\"item\":\"https:\/\/tripodart.net\/cursos\/\"},{\"@type\":\"ListItem\",\"position\":2,\"name\":\"Clases fotograf\u00eda de Boda on-line\"}]},{\"@type\":\"WebSite\",\"@id\":\"https:\/\/tripodart.net\/cursos\/#website\",\"url\":\"https:\/\/tripodart.net\/cursos\/\",\"name\":\"Cursos de Fotograf\u00eda | Tripodart\",\"description\":\"Formaci\u00f3n para fot\u00f3grafos \",\"publisher\":{\"@id\":\"https:\/\/tripodart.net\/cursos\/#organization\"},\"potentialAction\":[{\"@type\":\"SearchAction\",\"target\":{\"@type\":\"EntryPoint\",\"urlTemplate\":\"https:\/\/tripodart.net\/cursos\/?s={search_term_string}\"},\"query-input\":\"required name=search_term_string\"}],\"inLanguage\":\"es\"},{\"@type\":\"Organization\",\"@id\":\"https:\/\/tripodart.net\/cursos\/#organization\",\"name\":\"Tripodart\",\"url\":\"https:\/\/tripodart.net\/cursos\/\",\"logo\":{\"@type\":\"ImageObject\",\"inLanguage\":\"es\",\"@id\":\"https:\/\/tripodart.net\/cursos\/#\/schema\/logo\/image\/\",\"url\":\"https:\/\/tripodart.net\/cursos\/wp-content\/uploads\/2015\/08\/nuevo-logo-tripodart.jpg\",\"contentUrl\":\"https:\/\/tripodart.net\/cursos\/wp-content\/uploads\/2015\/08\/nuevo-logo-tripodart.jpg\",\"width\":500,\"height\":181,\"caption\":\"Tripodart\"},\"image\":{\"@id\":\"https:\/\/tripodart.net\/cursos\/#\/schema\/logo\/image\/\"},\"sameAs\":[\"https:\/\/www.facebook.com\/tripodart.cursos\/\",\"https:\/\/www.instagram.com\/tripod.art\/\"]}]}<\/script>\n<!-- \/ Yoast SEO plugin. -->","yoast_head_json":{"title":"Clases fotograf\u00eda de Boda on-line - Cursos de Fotograf\u00eda | Tripodart","description":"Aprende fotograf\u00eda de boda desde casa. Clases de fotograf\u00eda on-line a tu ritmo para mejorar tu t\u00e9cnica y tus habilidades profesionales.","robots":{"index":"index","follow":"follow","max-snippet":"max-snippet:-1","max-image-preview":"max-image-preview:large","max-video-preview":"max-video-preview:-1"},"canonical":"https:\/\/tripodart.net\/cursos\/clases-fotografia-on-line\/","og_locale":"es_ES","og_type":"article","og_title":"Clases fotograf\u00eda de Boda on-line - Cursos de Fotograf\u00eda | Tripodart","og_description":"Aprende fotograf\u00eda de boda desde casa. Clases de fotograf\u00eda on-line a tu ritmo para mejorar tu t\u00e9cnica y tus habilidades profesionales.","og_url":"https:\/\/tripodart.net\/cursos\/clases-fotografia-on-line\/","og_site_name":"Cursos de Fotograf\u00eda | Tripodart","article_publisher":"https:\/\/www.facebook.com\/tripodart.cursos\/","article_modified_time":"2021-01-10T02:51:58+00:00","og_image":[{"width":470,"height":432,"url":"https:\/\/tripodart.net\/cursos\/wp-content\/uploads\/2013\/11\/nikon-d300.png","type":"image\/png"}],"twitter_card":"summary_large_image","twitter_misc":{"Tiempo de lectura":"2 minutos"},"schema":{"@context":"https:\/\/schema.org","@graph":[{"@type":"WebPage","@id":"https:\/\/tripodart.net\/cursos\/clases-fotografia-on-line\/","url":"https:\/\/tripodart.net\/cursos\/clases-fotografia-on-line\/","name":"Clases fotograf\u00eda de Boda on-line - Cursos de Fotograf\u00eda | Tripodart","isPartOf":{"@id":"https:\/\/tripodart.net\/cursos\/#website"},"primaryImageOfPage":{"@id":"https:\/\/tripodart.net\/cursos\/clases-fotografia-on-line\/#primaryimage"},"image":{"@id":"https:\/\/tripodart.net\/cursos\/clases-fotografia-on-line\/#primaryimage"},"thumbnailUrl":"https:\/\/tripodart.net\/cursos\/wp-content\/uploads\/2013\/11\/nikon-d300.png","datePublished":"2013-11-26T19:05:41+00:00","dateModified":"2021-01-10T02:51:58+00:00","description":"Aprende fotograf\u00eda de boda desde casa. Clases de fotograf\u00eda on-line a tu ritmo para mejorar tu t\u00e9cnica y tus habilidades profesionales.","breadcrumb":{"@id":"https:\/\/tripodart.net\/cursos\/clases-fotografia-on-line\/#breadcrumb"},"inLanguage":"es","potentialAction":[{"@type":"ReadAction","target":["https:\/\/tripodart.net\/cursos\/clases-fotografia-on-line\/"]}]},{"@type":"ImageObject","inLanguage":"es","@id":"https:\/\/tripodart.net\/cursos\/clases-fotografia-on-line\/#primaryimage","url":"https:\/\/tripodart.net\/cursos\/wp-content\/uploads\/2013\/11\/nikon-d300.png","contentUrl":"https:\/\/tripodart.net\/cursos\/wp-content\/uploads\/2013\/11\/nikon-d300.png","width":470,"height":432,"caption":"c\u00e1mara fotogr\u00e1fica"},{"@type":"BreadcrumbList","@id":"https:\/\/tripodart.net\/cursos\/clases-fotografia-on-line\/#breadcrumb","itemListElement":[{"@type":"ListItem","position":1,"name":"Portada","item":"https:\/\/tripodart.net\/cursos\/"},{"@type":"ListItem","position":2,"name":"Clases fotograf\u00eda de Boda on-line"}]},{"@type":"WebSite","@id":"https:\/\/tripodart.net\/cursos\/#website","url":"https:\/\/tripodart.net\/cursos\/","name":"Cursos de Fotograf\u00eda | Tripodart","description":"Formaci\u00f3n para fot\u00f3grafos ","publisher":{"@id":"https:\/\/tripodart.net\/cursos\/#organization"},"potentialAction":[{"@type":"SearchAction","target":{"@type":"EntryPoint","urlTemplate":"https:\/\/tripodart.net\/cursos\/?s={search_term_string}"},"query-input":"required name=search_term_string"}],"inLanguage":"es"},{"@type":"Organization","@id":"https:\/\/tripodart.net\/cursos\/#organization","name":"Tripodart","url":"https:\/\/tripodart.net\/cursos\/","logo":{"@type":"ImageObject","inLanguage":"es","@id":"https:\/\/tripodart.net\/cursos\/#\/schema\/logo\/image\/","url":"https:\/\/tripodart.net\/cursos\/wp-content\/uploads\/2015\/08\/nuevo-logo-tripodart.jpg","contentUrl":"https:\/\/tripodart.net\/cursos\/wp-content\/uploads\/2015\/08\/nuevo-logo-tripodart.jpg","width":500,"height":181,"caption":"Tripodart"},"image":{"@id":"https:\/\/tripodart.net\/cursos\/#\/schema\/logo\/image\/"},"sameAs":["https:\/\/www.facebook.com\/tripodart.cursos\/","https:\/\/www.instagram.com\/tripod.art\/"]}]}},"_links":{"self":[{"href":"https:\/\/tripodart.net\/cursos\/wp-json\/wp\/v2\/pages\/1005"}],"collection":[{"href":"https:\/\/tripodart.net\/cursos\/wp-json\/wp\/v2\/pages"}],"about":[{"href":"https:\/\/tripodart.net\/cursos\/wp-json\/wp\/v2\/types\/page"}],"author":[{"embeddable":true,"href":"https:\/\/tripodart.net\/cursos\/wp-json\/wp\/v2\/users\/1"}],"replies":[{"embeddable":true,"href":"https:\/\/tripodart.net\/cursos\/wp-json\/wp\/v2\/comments?post=1005"}],"version-history":[{"count":25,"href":"https:\/\/tripodart.net\/cursos\/wp-json\/wp\/v2\/pages\/1005\/revisions"}],"predecessor-version":[{"id":3382,"href":"https:\/\/tripodart.net\/cursos\/wp-json\/wp\/v2\/pages\/1005\/revisions\/3382"}],"wp:featuredmedia":[{"embeddable":true,"href":"https:\/\/tripodart.net\/cursos\/wp-json\/wp\/v2\/media\/1468"}],"wp:attachment":[{"href":"https:\/\/tripodart.net\/cursos\/wp-json\/wp\/v2\/media?parent=1005"}],"curies":[{"name":"wp","href":"https:\/\/api.w.org\/{rel}","templated":true}]}}