{"id":187,"date":"2010-06-26T07:27:19","date_gmt":"2010-06-26T07:27:19","guid":{"rendered":"http:\/\/tripodart.net\/cursos\/?page_id=187"},"modified":"2012-01-25T17:46:47","modified_gmt":"2012-01-25T17:46:47","slug":"proximos-cursos","status":"publish","type":"page","link":"https:\/\/tripodart.net\/cursos\/proximos-cursos\/","title":{"rendered":"Cursos"},"content":{"rendered":"<p>En Tripodart estamos constantemente preparando cursos, para que no te pierdas ninguna oportunidad de aprender de este apasionante mundo que es la fotograf\u00eda.<\/p>\n<p>Proponemos <strong>cursos de fotograf\u00eda<\/strong> larga duraci\u00f3n con clases una o dos veces por semana,<strong> talleres de fotograf\u00eda<\/strong> intensivos de uno o dos d\u00edas y <strong>clases particulares de fotograf\u00eda<\/strong> a medida. Todos los cursos y talleres de fotograf\u00eda se realizan en grupos reducidos para proporcionar una ense\u00f1anza personalizada guiando los alumnos en el proceso de aprendizaje.<\/p>\n<p>Si quieres m\u00e1s informaci\u00f3n, pulsa en alguna de las pesta\u00f1as correspondientes y ent\u00e9rate de todas las novedades que tenemos preparadas para vosotros !<\/p>\n","protected":false},"excerpt":{"rendered":"<p>En Tripodart estamos constantemente preparando cursos, para que no te pierdas ninguna oportunidad de aprender de este apasionante mundo que es la fotograf\u00eda. Proponemos cursos de fotograf\u00eda larga duraci\u00f3n con clases una o dos veces por semana, talleres de fotograf\u00eda intensivos de uno o dos d\u00edas y clases particulares de fotograf\u00eda a medida. Todos los [&hellip;]<\/p>\n","protected":false},"author":2,"featured_media":274,"parent":0,"menu_order":0,"comment_status":"open","ping_status":"closed","template":"","meta":{"footnotes":""},"yoast_head":"<!-- This site is optimized with the Yoast SEO plugin v22.6 - https:\/\/yoast.com\/wordpress\/plugins\/seo\/ -->\n<title>Cursos - Cursos de Fotograf\u00eda | Tripodart<\/title>\n<meta name=\"robots\" content=\"index, follow, max-snippet:-1, max-image-preview:large, max-video-preview:-1\" \/>\n<link rel=\"canonical\" href=\"https:\/\/tripodart.net\/cursos\/proximos-cursos\/\" \/>\n<meta property=\"og:locale\" content=\"es_ES\" \/>\n<meta property=\"og:type\" content=\"article\" \/>\n<meta property=\"og:title\" content=\"Cursos - Cursos de Fotograf\u00eda | Tripodart\" \/>\n<meta property=\"og:description\" content=\"En Tripodart estamos constantemente preparando cursos, para que no te pierdas ninguna oportunidad de aprender de este apasionante mundo que es la fotograf\u00eda. Proponemos cursos de fotograf\u00eda larga duraci\u00f3n con clases una o dos veces por semana, talleres de fotograf\u00eda intensivos de uno o dos d\u00edas y clases particulares de fotograf\u00eda a medida. Todos los [&hellip;]\" \/>\n<meta property=\"og:url\" content=\"https:\/\/tripodart.net\/cursos\/proximos-cursos\/\" \/>\n<meta property=\"og:site_name\" content=\"Cursos de Fotograf\u00eda | Tripodart\" \/>\n<meta property=\"article:publisher\" content=\"https:\/\/www.facebook.com\/tripodart.cursos\/\" \/>\n<meta property=\"article:modified_time\" content=\"2012-01-25T17:46:47+00:00\" \/>\n<meta property=\"og:image\" content=\"https:\/\/tripodart.net\/cursos\/wp-content\/uploads\/2010\/09\/3273362.jpg\" \/>\n\t<meta property=\"og:image:width\" content=\"600\" \/>\n\t<meta property=\"og:image:height\" content=\"450\" \/>\n\t<meta property=\"og:image:type\" content=\"image\/jpeg\" \/>\n<meta name=\"twitter:card\" content=\"summary_large_image\" \/>\n<meta name=\"twitter:label1\" content=\"Tiempo de lectura\" \/>\n\t<meta name=\"twitter:data1\" content=\"1 minuto\" \/>\n<script type=\"application\/ld+json\" class=\"yoast-schema-graph\">{\"@context\":\"https:\/\/schema.org\",\"@graph\":[{\"@type\":\"WebPage\",\"@id\":\"https:\/\/tripodart.net\/cursos\/proximos-cursos\/\",\"url\":\"https:\/\/tripodart.net\/cursos\/proximos-cursos\/\",\"name\":\"Cursos - Cursos de Fotograf\u00eda | Tripodart\",\"isPartOf\":{\"@id\":\"https:\/\/tripodart.net\/cursos\/#website\"},\"primaryImageOfPage\":{\"@id\":\"https:\/\/tripodart.net\/cursos\/proximos-cursos\/#primaryimage\"},\"image\":{\"@id\":\"https:\/\/tripodart.net\/cursos\/proximos-cursos\/#primaryimage\"},\"thumbnailUrl\":\"https:\/\/tripodart.net\/cursos\/wp-content\/uploads\/2010\/09\/3273362.jpg\",\"datePublished\":\"2010-06-26T07:27:19+00:00\",\"dateModified\":\"2012-01-25T17:46:47+00:00\",\"breadcrumb\":{\"@id\":\"https:\/\/tripodart.net\/cursos\/proximos-cursos\/#breadcrumb\"},\"inLanguage\":\"es\",\"potentialAction\":[{\"@type\":\"ReadAction\",\"target\":[\"https:\/\/tripodart.net\/cursos\/proximos-cursos\/\"]}]},{\"@type\":\"ImageObject\",\"inLanguage\":\"es\",\"@id\":\"https:\/\/tripodart.net\/cursos\/proximos-cursos\/#primaryimage\",\"url\":\"https:\/\/tripodart.net\/cursos\/wp-content\/uploads\/2010\/09\/3273362.jpg\",\"contentUrl\":\"https:\/\/tripodart.net\/cursos\/wp-content\/uploads\/2010\/09\/3273362.jpg\",\"width\":\"600\",\"height\":\"450\",\"caption\":\"taller anterior\"},{\"@type\":\"BreadcrumbList\",\"@id\":\"https:\/\/tripodart.net\/cursos\/proximos-cursos\/#breadcrumb\",\"itemListElement\":[{\"@type\":\"ListItem\",\"position\":1,\"name\":\"Portada\",\"item\":\"https:\/\/tripodart.net\/cursos\/\"},{\"@type\":\"ListItem\",\"position\":2,\"name\":\"Cursos\"}]},{\"@type\":\"WebSite\",\"@id\":\"https:\/\/tripodart.net\/cursos\/#website\",\"url\":\"https:\/\/tripodart.net\/cursos\/\",\"name\":\"Cursos de Fotograf\u00eda | Tripodart\",\"description\":\"Formaci\u00f3n para fot\u00f3grafos \",\"publisher\":{\"@id\":\"https:\/\/tripodart.net\/cursos\/#organization\"},\"potentialAction\":[{\"@type\":\"SearchAction\",\"target\":{\"@type\":\"EntryPoint\",\"urlTemplate\":\"https:\/\/tripodart.net\/cursos\/?s={search_term_string}\"},\"query-input\":\"required name=search_term_string\"}],\"inLanguage\":\"es\"},{\"@type\":\"Organization\",\"@id\":\"https:\/\/tripodart.net\/cursos\/#organization\",\"name\":\"Tripodart\",\"url\":\"https:\/\/tripodart.net\/cursos\/\",\"logo\":{\"@type\":\"ImageObject\",\"inLanguage\":\"es\",\"@id\":\"https:\/\/tripodart.net\/cursos\/#\/schema\/logo\/image\/\",\"url\":\"https:\/\/tripodart.net\/cursos\/wp-content\/uploads\/2015\/08\/nuevo-logo-tripodart.jpg\",\"contentUrl\":\"https:\/\/tripodart.net\/cursos\/wp-content\/uploads\/2015\/08\/nuevo-logo-tripodart.jpg\",\"width\":500,\"height\":181,\"caption\":\"Tripodart\"},\"image\":{\"@id\":\"https:\/\/tripodart.net\/cursos\/#\/schema\/logo\/image\/\"},\"sameAs\":[\"https:\/\/www.facebook.com\/tripodart.cursos\/\",\"https:\/\/www.instagram.com\/tripod.art\/\"]}]}<\/script>\n<!-- \/ Yoast SEO plugin. -->","yoast_head_json":{"title":"Cursos - Cursos de Fotograf\u00eda | Tripodart","robots":{"index":"index","follow":"follow","max-snippet":"max-snippet:-1","max-image-preview":"max-image-preview:large","max-video-preview":"max-video-preview:-1"},"canonical":"https:\/\/tripodart.net\/cursos\/proximos-cursos\/","og_locale":"es_ES","og_type":"article","og_title":"Cursos - Cursos de Fotograf\u00eda | Tripodart","og_description":"En Tripodart estamos constantemente preparando cursos, para que no te pierdas ninguna oportunidad de aprender de este apasionante mundo que es la fotograf\u00eda. Proponemos cursos de fotograf\u00eda larga duraci\u00f3n con clases una o dos veces por semana, talleres de fotograf\u00eda intensivos de uno o dos d\u00edas y clases particulares de fotograf\u00eda a medida. Todos los [&hellip;]","og_url":"https:\/\/tripodart.net\/cursos\/proximos-cursos\/","og_site_name":"Cursos de Fotograf\u00eda | Tripodart","article_publisher":"https:\/\/www.facebook.com\/tripodart.cursos\/","article_modified_time":"2012-01-25T17:46:47+00:00","og_image":[{"width":"600","height":"450","url":"https:\/\/tripodart.net\/cursos\/wp-content\/uploads\/2010\/09\/3273362.jpg","type":"image\/jpeg"}],"twitter_card":"summary_large_image","twitter_misc":{"Tiempo de lectura":"1 minuto"},"schema":{"@context":"https:\/\/schema.org","@graph":[{"@type":"WebPage","@id":"https:\/\/tripodart.net\/cursos\/proximos-cursos\/","url":"https:\/\/tripodart.net\/cursos\/proximos-cursos\/","name":"Cursos - Cursos de Fotograf\u00eda | Tripodart","isPartOf":{"@id":"https:\/\/tripodart.net\/cursos\/#website"},"primaryImageOfPage":{"@id":"https:\/\/tripodart.net\/cursos\/proximos-cursos\/#primaryimage"},"image":{"@id":"https:\/\/tripodart.net\/cursos\/proximos-cursos\/#primaryimage"},"thumbnailUrl":"https:\/\/tripodart.net\/cursos\/wp-content\/uploads\/2010\/09\/3273362.jpg","datePublished":"2010-06-26T07:27:19+00:00","dateModified":"2012-01-25T17:46:47+00:00","breadcrumb":{"@id":"https:\/\/tripodart.net\/cursos\/proximos-cursos\/#breadcrumb"},"inLanguage":"es","potentialAction":[{"@type":"ReadAction","target":["https:\/\/tripodart.net\/cursos\/proximos-cursos\/"]}]},{"@type":"ImageObject","inLanguage":"es","@id":"https:\/\/tripodart.net\/cursos\/proximos-cursos\/#primaryimage","url":"https:\/\/tripodart.net\/cursos\/wp-content\/uploads\/2010\/09\/3273362.jpg","contentUrl":"https:\/\/tripodart.net\/cursos\/wp-content\/uploads\/2010\/09\/3273362.jpg","width":"600","height":"450","caption":"taller anterior"},{"@type":"BreadcrumbList","@id":"https:\/\/tripodart.net\/cursos\/proximos-cursos\/#breadcrumb","itemListElement":[{"@type":"ListItem","position":1,"name":"Portada","item":"https:\/\/tripodart.net\/cursos\/"},{"@type":"ListItem","position":2,"name":"Cursos"}]},{"@type":"WebSite","@id":"https:\/\/tripodart.net\/cursos\/#website","url":"https:\/\/tripodart.net\/cursos\/","name":"Cursos de Fotograf\u00eda | Tripodart","description":"Formaci\u00f3n para fot\u00f3grafos ","publisher":{"@id":"https:\/\/tripodart.net\/cursos\/#organization"},"potentialAction":[{"@type":"SearchAction","target":{"@type":"EntryPoint","urlTemplate":"https:\/\/tripodart.net\/cursos\/?s={search_term_string}"},"query-input":"required name=search_term_string"}],"inLanguage":"es"},{"@type":"Organization","@id":"https:\/\/tripodart.net\/cursos\/#organization","name":"Tripodart","url":"https:\/\/tripodart.net\/cursos\/","logo":{"@type":"ImageObject","inLanguage":"es","@id":"https:\/\/tripodart.net\/cursos\/#\/schema\/logo\/image\/","url":"https:\/\/tripodart.net\/cursos\/wp-content\/uploads\/2015\/08\/nuevo-logo-tripodart.jpg","contentUrl":"https:\/\/tripodart.net\/cursos\/wp-content\/uploads\/2015\/08\/nuevo-logo-tripodart.jpg","width":500,"height":181,"caption":"Tripodart"},"image":{"@id":"https:\/\/tripodart.net\/cursos\/#\/schema\/logo\/image\/"},"sameAs":["https:\/\/www.facebook.com\/tripodart.cursos\/","https:\/\/www.instagram.com\/tripod.art\/"]}]}},"_links":{"self":[{"href":"https:\/\/tripodart.net\/cursos\/wp-json\/wp\/v2\/pages\/187"}],"collection":[{"href":"https:\/\/tripodart.net\/cursos\/wp-json\/wp\/v2\/pages"}],"about":[{"href":"https:\/\/tripodart.net\/cursos\/wp-json\/wp\/v2\/types\/page"}],"author":[{"embeddable":true,"href":"https:\/\/tripodart.net\/cursos\/wp-json\/wp\/v2\/users\/2"}],"replies":[{"embeddable":true,"href":"https:\/\/tripodart.net\/cursos\/wp-json\/wp\/v2\/comments?post=187"}],"version-history":[{"count":15,"href":"https:\/\/tripodart.net\/cursos\/wp-json\/wp\/v2\/pages\/187\/revisions"}],"predecessor-version":[{"id":772,"href":"https:\/\/tripodart.net\/cursos\/wp-json\/wp\/v2\/pages\/187\/revisions\/772"}],"wp:featuredmedia":[{"embeddable":true,"href":"https:\/\/tripodart.net\/cursos\/wp-json\/wp\/v2\/media\/274"}],"wp:attachment":[{"href":"https:\/\/tripodart.net\/cursos\/wp-json\/wp\/v2\/media?parent=187"}],"curies":[{"name":"wp","href":"https:\/\/api.w.org\/{rel}","templated":true}]}}