{"id":822,"date":"2012-02-03T11:26:46","date_gmt":"2012-02-03T11:26:46","guid":{"rendered":"http:\/\/tripodart.net\/cursos\/?page_id=822"},"modified":"2021-01-05T13:26:23","modified_gmt":"2021-01-05T13:26:23","slug":"newsletter","status":"publish","type":"page","link":"https:\/\/tripodart.net\/cursos\/informacion\/newsletter\/","title":{"rendered":"Newsletter"},"content":{"rendered":"<p>Suscribete al bolet\u00edn informativo de <strong>Cursos de fotograf\u00eda Tripodart<\/strong> llenando el formulario a continuaci\u00f3n. Te enviaremos un correo (m\u00e1ximo uno cada mes) para informarte sobre los cursos y talleres de fotograf\u00eda en programa.<\/p>\r\n<p><strong><div class=\"tnp tnp-subscription \">\n<form method=\"post\" action=\"https:\/\/tripodart.net\/cursos\/wp-admin\/admin-ajax.php?action=tnp&amp;na=s\">\n<input type=\"hidden\" name=\"nlang\" value=\"\">\n<div class=\"tnp-field tnp-field-firstname\"><label for=\"tnp-1\">Tu nombre<\/label>\n<input class=\"tnp-name\" type=\"text\" name=\"nn\" id=\"tnp-1\" value=\"\" placeholder=\"\"><\/div>\n<div class=\"tnp-field tnp-field-email\"><label for=\"tnp-2\">Tu correo<\/label>\n<input class=\"tnp-email\" type=\"email\" name=\"ne\" id=\"tnp-2\" value=\"\" placeholder=\"\" required><\/div>\n<div class=\"tnp-field tnp-field-button\" style=\"text-align: left\"><input class=\"tnp-submit\" type=\"submit\" value=\"ME INSCRIBO!\" style=\"\">\n<\/div>\n<\/form>\n<\/div>\n<\/strong><\/p>\r\n<p>Un <strong>correo de confirmacion<\/strong> ser\u00e1 enviado a tu buzon de correo: por favor, lee las instrucciones en su interior para <strong>completar la suscripcion.<\/strong><\/p>\n\n\n\n<div class=\"wp-block-image\"><figure class=\"aligncenter size-large\"><img decoding=\"async\" loading=\"lazy\" width=\"512\" height=\"512\" src=\"https:\/\/tripodart.net\/cursos\/wp-content\/uploads\/2018\/12\/7a40c5487541d88288c10448549d25be-fot-grafo-arrodillado-silueta-by-vexels.png\" alt=\"\" class=\"wp-image-2726\" srcset=\"https:\/\/tripodart.net\/cursos\/wp-content\/uploads\/2018\/12\/7a40c5487541d88288c10448549d25be-fot-grafo-arrodillado-silueta-by-vexels.png 512w, https:\/\/tripodart.net\/cursos\/wp-content\/uploads\/2018\/12\/7a40c5487541d88288c10448549d25be-fot-grafo-arrodillado-silueta-by-vexels-150x150.png 150w\" sizes=\"(max-width: 512px) 100vw, 512px\" \/><\/figure><\/div>\n","protected":false},"excerpt":{"rendered":"","protected":false},"author":1,"featured_media":3208,"parent":185,"menu_order":0,"comment_status":"closed","ping_status":"open","template":"","meta":{"footnotes":""},"yoast_head":"<!-- This site is optimized with the Yoast SEO plugin v22.6 - https:\/\/yoast.com\/wordpress\/plugins\/seo\/ -->\n<title>Newsletter - Cursos de Fotograf\u00eda | Tripodart<\/title>\n<meta name=\"robots\" content=\"index, follow, max-snippet:-1, max-image-preview:large, max-video-preview:-1\" \/>\n<link rel=\"canonical\" href=\"https:\/\/tripodart.net\/cursos\/informacion\/newsletter\/\" \/>\n<meta property=\"og:locale\" content=\"es_ES\" \/>\n<meta property=\"og:type\" content=\"article\" \/>\n<meta property=\"og:title\" content=\"Newsletter - Cursos de Fotograf\u00eda | Tripodart\" \/>\n<meta property=\"og:url\" content=\"https:\/\/tripodart.net\/cursos\/informacion\/newsletter\/\" \/>\n<meta property=\"og:site_name\" content=\"Cursos de Fotograf\u00eda | Tripodart\" \/>\n<meta property=\"article:publisher\" content=\"https:\/\/www.facebook.com\/tripodart.cursos\/\" \/>\n<meta property=\"article:modified_time\" content=\"2021-01-05T13:26:23+00:00\" \/>\n<meta name=\"twitter:card\" content=\"summary_large_image\" \/>\n<script type=\"application\/ld+json\" class=\"yoast-schema-graph\">{\"@context\":\"https:\/\/schema.org\",\"@graph\":[{\"@type\":\"WebPage\",\"@id\":\"https:\/\/tripodart.net\/cursos\/informacion\/newsletter\/\",\"url\":\"https:\/\/tripodart.net\/cursos\/informacion\/newsletter\/\",\"name\":\"Newsletter - Cursos de Fotograf\u00eda | Tripodart\",\"isPartOf\":{\"@id\":\"https:\/\/tripodart.net\/cursos\/#website\"},\"primaryImageOfPage\":{\"@id\":\"https:\/\/tripodart.net\/cursos\/informacion\/newsletter\/#primaryimage\"},\"image\":{\"@id\":\"https:\/\/tripodart.net\/cursos\/informacion\/newsletter\/#primaryimage\"},\"thumbnailUrl\":\"\",\"datePublished\":\"2012-02-03T11:26:46+00:00\",\"dateModified\":\"2021-01-05T13:26:23+00:00\",\"breadcrumb\":{\"@id\":\"https:\/\/tripodart.net\/cursos\/informacion\/newsletter\/#breadcrumb\"},\"inLanguage\":\"es\",\"potentialAction\":[{\"@type\":\"ReadAction\",\"target\":[\"https:\/\/tripodart.net\/cursos\/informacion\/newsletter\/\"]}]},{\"@type\":\"ImageObject\",\"inLanguage\":\"es\",\"@id\":\"https:\/\/tripodart.net\/cursos\/informacion\/newsletter\/#primaryimage\",\"url\":\"\",\"contentUrl\":\"\",\"width\":512,\"height\":512},{\"@type\":\"BreadcrumbList\",\"@id\":\"https:\/\/tripodart.net\/cursos\/informacion\/newsletter\/#breadcrumb\",\"itemListElement\":[{\"@type\":\"ListItem\",\"position\":1,\"name\":\"Portada\",\"item\":\"https:\/\/tripodart.net\/cursos\/\"},{\"@type\":\"ListItem\",\"position\":2,\"name\":\"El centro\",\"item\":\"https:\/\/tripodart.net\/cursos\/informacion\/\"},{\"@type\":\"ListItem\",\"position\":3,\"name\":\"Newsletter\"}]},{\"@type\":\"WebSite\",\"@id\":\"https:\/\/tripodart.net\/cursos\/#website\",\"url\":\"https:\/\/tripodart.net\/cursos\/\",\"name\":\"Cursos de Fotograf\u00eda | Tripodart\",\"description\":\"Formaci\u00f3n para fot\u00f3grafos \",\"publisher\":{\"@id\":\"https:\/\/tripodart.net\/cursos\/#organization\"},\"potentialAction\":[{\"@type\":\"SearchAction\",\"target\":{\"@type\":\"EntryPoint\",\"urlTemplate\":\"https:\/\/tripodart.net\/cursos\/?s={search_term_string}\"},\"query-input\":\"required name=search_term_string\"}],\"inLanguage\":\"es\"},{\"@type\":\"Organization\",\"@id\":\"https:\/\/tripodart.net\/cursos\/#organization\",\"name\":\"Tripodart\",\"url\":\"https:\/\/tripodart.net\/cursos\/\",\"logo\":{\"@type\":\"ImageObject\",\"inLanguage\":\"es\",\"@id\":\"https:\/\/tripodart.net\/cursos\/#\/schema\/logo\/image\/\",\"url\":\"https:\/\/tripodart.net\/cursos\/wp-content\/uploads\/2015\/08\/nuevo-logo-tripodart.jpg\",\"contentUrl\":\"https:\/\/tripodart.net\/cursos\/wp-content\/uploads\/2015\/08\/nuevo-logo-tripodart.jpg\",\"width\":500,\"height\":181,\"caption\":\"Tripodart\"},\"image\":{\"@id\":\"https:\/\/tripodart.net\/cursos\/#\/schema\/logo\/image\/\"},\"sameAs\":[\"https:\/\/www.facebook.com\/tripodart.cursos\/\",\"https:\/\/www.instagram.com\/tripod.art\/\"]}]}<\/script>\n<!-- \/ Yoast SEO plugin. -->","yoast_head_json":{"title":"Newsletter - Cursos de Fotograf\u00eda | Tripodart","robots":{"index":"index","follow":"follow","max-snippet":"max-snippet:-1","max-image-preview":"max-image-preview:large","max-video-preview":"max-video-preview:-1"},"canonical":"https:\/\/tripodart.net\/cursos\/informacion\/newsletter\/","og_locale":"es_ES","og_type":"article","og_title":"Newsletter - Cursos de Fotograf\u00eda | Tripodart","og_url":"https:\/\/tripodart.net\/cursos\/informacion\/newsletter\/","og_site_name":"Cursos de Fotograf\u00eda | Tripodart","article_publisher":"https:\/\/www.facebook.com\/tripodart.cursos\/","article_modified_time":"2021-01-05T13:26:23+00:00","twitter_card":"summary_large_image","schema":{"@context":"https:\/\/schema.org","@graph":[{"@type":"WebPage","@id":"https:\/\/tripodart.net\/cursos\/informacion\/newsletter\/","url":"https:\/\/tripodart.net\/cursos\/informacion\/newsletter\/","name":"Newsletter - Cursos de Fotograf\u00eda | Tripodart","isPartOf":{"@id":"https:\/\/tripodart.net\/cursos\/#website"},"primaryImageOfPage":{"@id":"https:\/\/tripodart.net\/cursos\/informacion\/newsletter\/#primaryimage"},"image":{"@id":"https:\/\/tripodart.net\/cursos\/informacion\/newsletter\/#primaryimage"},"thumbnailUrl":"","datePublished":"2012-02-03T11:26:46+00:00","dateModified":"2021-01-05T13:26:23+00:00","breadcrumb":{"@id":"https:\/\/tripodart.net\/cursos\/informacion\/newsletter\/#breadcrumb"},"inLanguage":"es","potentialAction":[{"@type":"ReadAction","target":["https:\/\/tripodart.net\/cursos\/informacion\/newsletter\/"]}]},{"@type":"ImageObject","inLanguage":"es","@id":"https:\/\/tripodart.net\/cursos\/informacion\/newsletter\/#primaryimage","url":"","contentUrl":"","width":512,"height":512},{"@type":"BreadcrumbList","@id":"https:\/\/tripodart.net\/cursos\/informacion\/newsletter\/#breadcrumb","itemListElement":[{"@type":"ListItem","position":1,"name":"Portada","item":"https:\/\/tripodart.net\/cursos\/"},{"@type":"ListItem","position":2,"name":"El centro","item":"https:\/\/tripodart.net\/cursos\/informacion\/"},{"@type":"ListItem","position":3,"name":"Newsletter"}]},{"@type":"WebSite","@id":"https:\/\/tripodart.net\/cursos\/#website","url":"https:\/\/tripodart.net\/cursos\/","name":"Cursos de Fotograf\u00eda | Tripodart","description":"Formaci\u00f3n para fot\u00f3grafos ","publisher":{"@id":"https:\/\/tripodart.net\/cursos\/#organization"},"potentialAction":[{"@type":"SearchAction","target":{"@type":"EntryPoint","urlTemplate":"https:\/\/tripodart.net\/cursos\/?s={search_term_string}"},"query-input":"required name=search_term_string"}],"inLanguage":"es"},{"@type":"Organization","@id":"https:\/\/tripodart.net\/cursos\/#organization","name":"Tripodart","url":"https:\/\/tripodart.net\/cursos\/","logo":{"@type":"ImageObject","inLanguage":"es","@id":"https:\/\/tripodart.net\/cursos\/#\/schema\/logo\/image\/","url":"https:\/\/tripodart.net\/cursos\/wp-content\/uploads\/2015\/08\/nuevo-logo-tripodart.jpg","contentUrl":"https:\/\/tripodart.net\/cursos\/wp-content\/uploads\/2015\/08\/nuevo-logo-tripodart.jpg","width":500,"height":181,"caption":"Tripodart"},"image":{"@id":"https:\/\/tripodart.net\/cursos\/#\/schema\/logo\/image\/"},"sameAs":["https:\/\/www.facebook.com\/tripodart.cursos\/","https:\/\/www.instagram.com\/tripod.art\/"]}]}},"_links":{"self":[{"href":"https:\/\/tripodart.net\/cursos\/wp-json\/wp\/v2\/pages\/822"}],"collection":[{"href":"https:\/\/tripodart.net\/cursos\/wp-json\/wp\/v2\/pages"}],"about":[{"href":"https:\/\/tripodart.net\/cursos\/wp-json\/wp\/v2\/types\/page"}],"author":[{"embeddable":true,"href":"https:\/\/tripodart.net\/cursos\/wp-json\/wp\/v2\/users\/1"}],"replies":[{"embeddable":true,"href":"https:\/\/tripodart.net\/cursos\/wp-json\/wp\/v2\/comments?post=822"}],"version-history":[{"count":5,"href":"https:\/\/tripodart.net\/cursos\/wp-json\/wp\/v2\/pages\/822\/revisions"}],"predecessor-version":[{"id":3209,"href":"https:\/\/tripodart.net\/cursos\/wp-json\/wp\/v2\/pages\/822\/revisions\/3209"}],"up":[{"embeddable":true,"href":"https:\/\/tripodart.net\/cursos\/wp-json\/wp\/v2\/pages\/185"}],"wp:featuredmedia":[{"embeddable":true,"href":"https:\/\/tripodart.net\/cursos\/wp-json\/wp\/v2\/media\/3208"}],"wp:attachment":[{"href":"https:\/\/tripodart.net\/cursos\/wp-json\/wp\/v2\/media?parent=822"}],"curies":[{"name":"wp","href":"https:\/\/api.w.org\/{rel}","templated":true}]}}