{"id":990,"date":"2012-12-12T13:04:38","date_gmt":"2012-12-12T13:04:38","guid":{"rendered":"http:\/\/tripodart.net\/cursos\/?page_id=990"},"modified":"2023-04-28T14:28:00","modified_gmt":"2023-04-28T14:28:00","slug":"workshop-fotografia-de-boda-one-to-one","status":"publish","type":"page","link":"https:\/\/tripodart.net\/cursos\/proximos-cursos\/workshop-fotografia-de-boda-one-to-one\/","title":{"rendered":"Workshop fotograf\u00eda \u00abone-to-one\u00bb"},"content":{"rendered":"\n<p>Si eres un fot\u00f3grafo aficionado o profesional, sabes lo importante que es tener la habilidad de capturar los momentos m\u00e1s importantes de una boda. Sin embargo, si quieres llevar tu trabajo a un nivel superior, es importante considerar la posibilidad de asistir a un workshop de fotograf\u00eda de bodas.<\/p>\n\n\n\n<p> <br>Un workshop de fotograf\u00eda de bodas puede ser una gran oportunidad para mejorar tus habilidades, aprender nuevas t\u00e9cnicas y adquirir conocimientos sobre c\u00f3mo capturar los momentos m\u00e1s importantes de una boda. <\/p>\n\n\n\n<h2 class=\"wp-block-heading\"><strong>Workshop individual para profesionales en el campo de los reportajes de Boda.<\/strong><\/h2>\n\n\n\n<p>La fotograf\u00eda de bodas est\u00e1 experimentando un r\u00e1pido cambio gracias a las oportunidades que ofrece la tecnolog\u00eda y el aumento en la valoraci\u00f3n del campo. Actualmente, muchas parejas buscan fot\u00f3grafos que puedan capturar im\u00e1genes de manera art\u00edstica y creativa para su boda.<\/p>\n\n\n\n<p>Fotografiar una boda es una gran responsabilidad. Si est\u00e1s pensando dedicarte a este campo pero no tienes experiencia este es un excelente punto de partida. Te ahorrar\u00e9 muchos de los errores que yo mismo he cometido en los primeros a\u00f1os de mi carrera.<\/p>\n\n\n\n<p>Si eres un fot\u00f3grafo con experiencia pero deseas dar un salto en tu profesi\u00f3n, puedo ayudarte. He aprendido que a veces es necesaria una ayuda externa para identificar y corregir errores. Si hay algo que no est\u00e1 funcionando en tu fotograf\u00eda en este workshop te compartir\u00e9 ideas nuevas que te permitir\u00e0n desbloquear tu creatividad.<\/p>\n\n\n\n<p>&nbsp;<\/p>\n\n\n\n<h2 class=\"wp-block-heading\"><strong>\u00bfQuieres mejorar tu forma de fotografiar una boda?<\/strong><\/h2>\n\n\n\n<div class=\"wp-block-image is-style-default\"><figure class=\"alignleft size-medium\"><img decoding=\"async\" loading=\"lazy\" width=\"467\" height=\"700\" src=\"https:\/\/tripodart.net\/cursos\/wp-content\/uploads\/2023\/04\/vertical-boda-012-467x700.jpg\" alt=\"workshop de fotograf\u00eda de boda\" class=\"wp-image-3806\" srcset=\"https:\/\/tripodart.net\/cursos\/wp-content\/uploads\/2023\/04\/vertical-boda-012-467x700.jpg 467w, https:\/\/tripodart.net\/cursos\/wp-content\/uploads\/2023\/04\/vertical-boda-012-684x1024.jpg 684w, https:\/\/tripodart.net\/cursos\/wp-content\/uploads\/2023\/04\/vertical-boda-012-768x1150.jpg 768w, https:\/\/tripodart.net\/cursos\/wp-content\/uploads\/2023\/04\/vertical-boda-012-1026x1536.jpg 1026w, https:\/\/tripodart.net\/cursos\/wp-content\/uploads\/2023\/04\/vertical-boda-012-1368x2048.jpg 1368w, https:\/\/tripodart.net\/cursos\/wp-content\/uploads\/2023\/04\/vertical-boda-012.jpg 1469w\" sizes=\"(max-width: 467px) 100vw, 467px\" \/><\/figure><\/div>\n\n\n\n<p>\u00danete a m\u00ed en un d\u00eda de aprendizaje personalizado donde compartir\u00e9 mi experiencia de m\u00e1s de 10 a\u00f1os como fot\u00f3grafo profesional. <\/p>\n\n\n\n<p>Juntos, abordaremos los problemas y dificultades de nuestra profesi\u00f3n y te guiar\u00e9 en un camino paso a paso para encontrar soluciones y alcanzar el \u00e9xito personal y profesional. <\/p>\n\n\n\n<p>Fotografiar un d\u00eda de boda supone un gran n\u00famero de dificultades. Cada momento requiere tener las ideas claras y es importante llegar preparados. <\/p>\n\n\n\n<p>Te ense\u00f1ar\u00e9 paso a paso c\u00f3mo actuar en cada momento de la boda para conseguir mejores fotos. Cuales son las fotos imprescindibles y cual es la forma m\u00e1s conveniente de captarlas. Hablaremos de luz, composici\u00f3n y de momentos.<\/p>\n\n\n\n<p>\u00a1Aprende directamente de un experto y evoluciona en tu carrera como fot\u00f3grafo!<\/p>\n\n\n\n<div style=\"height:100px\" aria-hidden=\"true\" class=\"wp-block-spacer\"><\/div>\n\n\n\n<p class=\"has-text-align-left\">Como miembro del colectivo Fot\u00f3grafos de Boda (FdB | www.fotografos-de-boda.net)), conozco personalmente los problemas que enfrentan cientos de profesionales. Para empezar y para seguir evolucionando en este campo es importante actualizarse y muy pocos fot\u00f3grafos lo hacen.<\/p>\n\n\n\n<p>He realizado m\u00e1s de 25 talleres y workshops de fotograf\u00eda de boda, en Espa\u00f1a, Europa y Am\u00e9rica. Cada fot\u00f3grafo tiene una forma y un tiempo de aprender diferente, un <em>workshop one to one<\/em> permite adaptar el temario y los tiempos a cada uno. Es la f\u00f3rmula m\u00e1s efectiva de obtener resultados en poco tiempo.<\/p>\n\n\n\n<h2 class=\"wp-block-heading\">Un workshop 100% personalizado para ti<\/h2>\n\n\n\n<p>Revisaremos tu porfolio para ver en cuales aspectos se pueden mejorar tus fotos. Hablaremos de aspectos te\u00f3ricos del trabajo tanto en la relaci\u00f3n con los clientes como en la planificaci\u00f3n de las sesiones.<\/p>\n\n\n\n<p>Durante el d\u00eda organizamos una sesi\u00f3n pr\u00e1ctica con una pareja real para demostrar mi forma de trabajo y para que tu puedas poner en pr\u00e1ctica algunas de las cosas aprendidas. Analizaremos las fotos realizadas y aplicaremos un flujo de trabajo que te permitir\u00e1 optimizar tu tiempo para entregar el trabajo al cliente.<\/p>\n\n\n\n<div style=\"height:100px\" aria-hidden=\"true\" class=\"wp-block-spacer\"><\/div>\n\n\n\n<p>&nbsp;<\/p>\n\n\n\n<h2 class=\"wp-block-heading\">\u00bf<strong>Quieres aprender a encontrar BUENOS clientes?<\/strong><\/h2>\n\n\n\n<div class=\"wp-block-image\"><figure class=\"alignright size-medium\"><img decoding=\"async\" loading=\"lazy\" width=\"467\" height=\"700\" src=\"https:\/\/tripodart.net\/cursos\/wp-content\/uploads\/2023\/04\/vertical-boda-005-467x700.jpg\" alt=\"fotografia de boda - mejores clientes\" class=\"wp-image-3807\" title=\"curso-fotografo-boda\" srcset=\"https:\/\/tripodart.net\/cursos\/wp-content\/uploads\/2023\/04\/vertical-boda-005-467x700.jpg 467w, https:\/\/tripodart.net\/cursos\/wp-content\/uploads\/2023\/04\/vertical-boda-005-684x1024.jpg 684w, https:\/\/tripodart.net\/cursos\/wp-content\/uploads\/2023\/04\/vertical-boda-005-768x1150.jpg 768w, https:\/\/tripodart.net\/cursos\/wp-content\/uploads\/2023\/04\/vertical-boda-005-1026x1536.jpg 1026w, https:\/\/tripodart.net\/cursos\/wp-content\/uploads\/2023\/04\/vertical-boda-005-1368x2048.jpg 1368w, https:\/\/tripodart.net\/cursos\/wp-content\/uploads\/2023\/04\/vertical-boda-005.jpg 1469w\" sizes=\"(max-width: 467px) 100vw, 467px\" \/><\/figure><\/div>\n\n\n\n<p> Un buen cliente es aquello que aprecia tu trabajo, tu estilo fotogr\u00e1fico y que estar\u00e0 dispuesto a contratarte sin importar el precio que tengas.<\/p>\n\n\n\n<p>Te ense\u00f1ar\u00e9 las mejores estrategias de comunicaci\u00f3n para conseguir m\u00e1s y mejores clientes. Empezaremos por una buena p\u00e1gina web y trabajaremos con las redes sociales para maximizar tu visibilidad.<\/p>\n\n\n\n<p>Si a\u00fan no tienes una web o un blog para ense\u00f1ar tu trabajo te ayudar\u00e0 a crear uno. Si tienes uno pero no te gusta te dar\u00e8 consejos personalizados para mejorarlo.<\/p>\n\n\n\n<p>Te ense\u00f1ar\u00e9 a gestionar un perfil profesional en redes sociales (instagram y Facebook) para mostrar tu trabajo y con ello captar clientes. Aprender\u00e0s las bases de la captaci\u00f3n de clientes por medio de una comunicaci\u00f3n directa y sincera.<\/p>\n\n\n\n<p>Compartir\u00e9 todos mis conocimientos aprendidos durante los \u00faltimos a\u00f1os para realizar una estrat\u00e9gia de comunicaci\u00f3n eficaz. Una buena comunicaci\u00f3n online es de vital importancia para tu negocio en la fotograf\u00eda de boda.<\/p>\n\n\n\n<p>\u00a0<\/p>\n\n\n\n<div style=\"height:100px\" aria-hidden=\"true\" class=\"wp-block-spacer\"><\/div>\n\n\n\n<h2 class=\"wp-block-heading\"><strong>Temas disponibles<\/strong>:<\/h2>\n\n\n\n<ul id=\"block-e48fd028-97b5-44e2-8898-8a471a7de818\"><li><strong>Capacitaci\u00f3n personalizada<\/strong> trabajando para individual y superar los l\u00edmites de cada uno. Motivaci\u00f3n personal y filosof\u00eda del trabajo<\/li><li><strong>Din\u00e1mica de un reportaje de boda <\/strong>paso a paso c\u00f3mo enfocar el trabajo en los distintos momentos de una boda realizando im\u00e1genes \u00fanicas y espont\u00e1neas.<\/li><li><strong>T\u00e9cnica fotogr\u00e1fica <\/strong>trucos y consejos para mejorar nuestras fotos, equipos fotogr\u00e1ficos principales (c\u00e1mara \u2013 lentes) y accesorios (flash).<\/li><li><strong>Estrategia de empresa <\/strong>definici\u00f3n de objetivos y plano de negocios, como rentabilizar nuestro producto al m\u00e1ximo.<\/li><li><strong>Marketing<\/strong> c\u00f3mo llegar al cliente potencial, estrategia de comunicaci\u00f3n, presentaci\u00f3n de nuestro trabajo en redes sociales.<\/li><li><strong>Internet<\/strong> aprovechar las oportunidades de la red: crear un blog y optimizarlo para que aparezca en google y ganar visibilidad.<\/li><li><strong>Sesi\u00f3n pr\u00e1ctica<\/strong> Una sesi\u00f3n fotogr\u00e1fica para ver mi forma de trabajo y probar directamente encuadres, iluminaci\u00f3n y \u201cacting\u201d.<\/li><\/ul>\n\n\n\n<div style=\"height:100px\" aria-hidden=\"true\" class=\"wp-block-spacer\"><\/div>\n\n\n\n<div class=\"wp-block-image\"><figure class=\"alignright size-medium\"><img decoding=\"async\" loading=\"lazy\" width=\"467\" height=\"700\" src=\"https:\/\/tripodart.net\/cursos\/wp-content\/uploads\/2023\/04\/wedding-photographer-varenna-como-lake-8-467x700.jpg\" alt=\"\" class=\"wp-image-3805\" srcset=\"https:\/\/tripodart.net\/cursos\/wp-content\/uploads\/2023\/04\/wedding-photographer-varenna-como-lake-8-467x700.jpg 467w, https:\/\/tripodart.net\/cursos\/wp-content\/uploads\/2023\/04\/wedding-photographer-varenna-como-lake-8-684x1024.jpg 684w, https:\/\/tripodart.net\/cursos\/wp-content\/uploads\/2023\/04\/wedding-photographer-varenna-como-lake-8-768x1151.jpg 768w, https:\/\/tripodart.net\/cursos\/wp-content\/uploads\/2023\/04\/wedding-photographer-varenna-como-lake-8-1025x1536.jpg 1025w, https:\/\/tripodart.net\/cursos\/wp-content\/uploads\/2023\/04\/wedding-photographer-varenna-como-lake-8.jpg 1335w\" sizes=\"(max-width: 467px) 100vw, 467px\" \/><\/figure><\/div>\n\n\n\n<p>&nbsp;<\/p>\n\n\n\n<h2 class=\"wp-block-heading\"><strong>Inversi\u00f3n:<\/strong><\/h2>\n\n\n\n<p>El beneficio final de asistir a un workshop personalizado de fotograf\u00eda de bodas es que te permitir\u00e1 mejorar la calidad de tus im\u00e1genes y aumentar la satisfacci\u00f3n de tus clientes. <\/p>\n\n\n\n<p>Al adquirir nuevas habilidades, t\u00e9cnicas y conocimientos, podr\u00e1s ofrecer un servicio de mayor calidad y asegurarte de que tus clientes est\u00e9n m\u00e1s que satisfechos con el resultado final.<\/p>\n\n\n\n<p>El coste del workshop \u00abone-to-one\u00bb es de 700 euros y incluye 8 horas de curso presencial con una sesi\u00f3n pr\u00e1ctica + material did\u00e1ctico +\u00a0 seguimiento del trabajo realizado y asesoramiento sobre temas t\u00e9cnicos y web.<\/p>\n\n\n\n<p><\/p>\n\n\n\n<p>Ponte en contacto para conocer disponibilidad de fechas y reservar tu workshop.<\/p>\n","protected":false},"excerpt":{"rendered":"<p>Si eres un fot\u00f3grafo aficionado o profesional, sabes lo importante que es tener la habilidad de capturar los momentos m\u00e1s importantes de una boda. Sin embargo, si quieres llevar tu trabajo a un nivel superior, es importante considerar la posibilidad de asistir a un workshop de fotograf\u00eda de bodas. Un workshop de fotograf\u00eda de bodas [&hellip;]<\/p>\n","protected":false},"author":1,"featured_media":993,"parent":187,"menu_order":0,"comment_status":"open","ping_status":"closed","template":"","meta":{"footnotes":""},"yoast_head":"<!-- This site is optimized with the Yoast SEO plugin v22.6 - https:\/\/yoast.com\/wordpress\/plugins\/seo\/ -->\n<title>Workshop fotograf\u00eda &quot;one-to-one&quot; - Cursos de Fotograf\u00eda | Tripodart<\/title>\n<meta name=\"robots\" content=\"index, follow, max-snippet:-1, max-image-preview:large, max-video-preview:-1\" \/>\n<link rel=\"canonical\" href=\"https:\/\/tripodart.net\/cursos\/proximos-cursos\/workshop-fotografia-de-boda-one-to-one\/\" \/>\n<meta property=\"og:locale\" content=\"es_ES\" \/>\n<meta property=\"og:type\" content=\"article\" \/>\n<meta property=\"og:title\" content=\"Workshop fotograf\u00eda &quot;one-to-one&quot; - Cursos de Fotograf\u00eda | Tripodart\" \/>\n<meta property=\"og:description\" content=\"Si eres un fot\u00f3grafo aficionado o profesional, sabes lo importante que es tener la habilidad de capturar los momentos m\u00e1s importantes de una boda. Sin embargo, si quieres llevar tu trabajo a un nivel superior, es importante considerar la posibilidad de asistir a un workshop de fotograf\u00eda de bodas. Un workshop de fotograf\u00eda de bodas [&hellip;]\" \/>\n<meta property=\"og:url\" content=\"https:\/\/tripodart.net\/cursos\/proximos-cursos\/workshop-fotografia-de-boda-one-to-one\/\" \/>\n<meta property=\"og:site_name\" content=\"Cursos de Fotograf\u00eda | Tripodart\" \/>\n<meta property=\"article:publisher\" content=\"https:\/\/www.facebook.com\/tripodart.cursos\/\" \/>\n<meta property=\"article:modified_time\" content=\"2023-04-28T14:28:00+00:00\" \/>\n<meta property=\"og:image\" content=\"https:\/\/tripodart.net\/cursos\/wp-content\/uploads\/2012\/12\/matrix-studioboda.jpg\" \/>\n\t<meta property=\"og:image:width\" content=\"4000\" \/>\n\t<meta property=\"og:image:height\" content=\"2665\" \/>\n\t<meta property=\"og:image:type\" content=\"image\/jpeg\" \/>\n<meta name=\"twitter:card\" content=\"summary_large_image\" \/>\n<meta name=\"twitter:label1\" content=\"Tiempo de lectura\" \/>\n\t<meta name=\"twitter:data1\" content=\"5 minutos\" \/>\n<script type=\"application\/ld+json\" class=\"yoast-schema-graph\">{\"@context\":\"https:\/\/schema.org\",\"@graph\":[{\"@type\":\"WebPage\",\"@id\":\"https:\/\/tripodart.net\/cursos\/proximos-cursos\/workshop-fotografia-de-boda-one-to-one\/\",\"url\":\"https:\/\/tripodart.net\/cursos\/proximos-cursos\/workshop-fotografia-de-boda-one-to-one\/\",\"name\":\"Workshop fotograf\u00eda \\\"one-to-one\\\" - Cursos de Fotograf\u00eda | Tripodart\",\"isPartOf\":{\"@id\":\"https:\/\/tripodart.net\/cursos\/#website\"},\"primaryImageOfPage\":{\"@id\":\"https:\/\/tripodart.net\/cursos\/proximos-cursos\/workshop-fotografia-de-boda-one-to-one\/#primaryimage\"},\"image\":{\"@id\":\"https:\/\/tripodart.net\/cursos\/proximos-cursos\/workshop-fotografia-de-boda-one-to-one\/#primaryimage\"},\"thumbnailUrl\":\"https:\/\/tripodart.net\/cursos\/wp-content\/uploads\/2012\/12\/matrix-studioboda.jpg\",\"datePublished\":\"2012-12-12T13:04:38+00:00\",\"dateModified\":\"2023-04-28T14:28:00+00:00\",\"breadcrumb\":{\"@id\":\"https:\/\/tripodart.net\/cursos\/proximos-cursos\/workshop-fotografia-de-boda-one-to-one\/#breadcrumb\"},\"inLanguage\":\"es\",\"potentialAction\":[{\"@type\":\"ReadAction\",\"target\":[\"https:\/\/tripodart.net\/cursos\/proximos-cursos\/workshop-fotografia-de-boda-one-to-one\/\"]}]},{\"@type\":\"ImageObject\",\"inLanguage\":\"es\",\"@id\":\"https:\/\/tripodart.net\/cursos\/proximos-cursos\/workshop-fotografia-de-boda-one-to-one\/#primaryimage\",\"url\":\"https:\/\/tripodart.net\/cursos\/wp-content\/uploads\/2012\/12\/matrix-studioboda.jpg\",\"contentUrl\":\"https:\/\/tripodart.net\/cursos\/wp-content\/uploads\/2012\/12\/matrix-studioboda.jpg\",\"width\":4000,\"height\":2665,\"caption\":\"El reportaje de boda est\u00e1 cambiando\"},{\"@type\":\"BreadcrumbList\",\"@id\":\"https:\/\/tripodart.net\/cursos\/proximos-cursos\/workshop-fotografia-de-boda-one-to-one\/#breadcrumb\",\"itemListElement\":[{\"@type\":\"ListItem\",\"position\":1,\"name\":\"Portada\",\"item\":\"https:\/\/tripodart.net\/cursos\/\"},{\"@type\":\"ListItem\",\"position\":2,\"name\":\"Cursos\",\"item\":\"https:\/\/tripodart.net\/cursos\/proximos-cursos\/\"},{\"@type\":\"ListItem\",\"position\":3,\"name\":\"Workshop fotograf\u00eda \u00abone-to-one\u00bb\"}]},{\"@type\":\"WebSite\",\"@id\":\"https:\/\/tripodart.net\/cursos\/#website\",\"url\":\"https:\/\/tripodart.net\/cursos\/\",\"name\":\"Cursos de Fotograf\u00eda | Tripodart\",\"description\":\"Formaci\u00f3n para fot\u00f3grafos \",\"publisher\":{\"@id\":\"https:\/\/tripodart.net\/cursos\/#organization\"},\"potentialAction\":[{\"@type\":\"SearchAction\",\"target\":{\"@type\":\"EntryPoint\",\"urlTemplate\":\"https:\/\/tripodart.net\/cursos\/?s={search_term_string}\"},\"query-input\":\"required name=search_term_string\"}],\"inLanguage\":\"es\"},{\"@type\":\"Organization\",\"@id\":\"https:\/\/tripodart.net\/cursos\/#organization\",\"name\":\"Tripodart\",\"url\":\"https:\/\/tripodart.net\/cursos\/\",\"logo\":{\"@type\":\"ImageObject\",\"inLanguage\":\"es\",\"@id\":\"https:\/\/tripodart.net\/cursos\/#\/schema\/logo\/image\/\",\"url\":\"https:\/\/tripodart.net\/cursos\/wp-content\/uploads\/2015\/08\/nuevo-logo-tripodart.jpg\",\"contentUrl\":\"https:\/\/tripodart.net\/cursos\/wp-content\/uploads\/2015\/08\/nuevo-logo-tripodart.jpg\",\"width\":500,\"height\":181,\"caption\":\"Tripodart\"},\"image\":{\"@id\":\"https:\/\/tripodart.net\/cursos\/#\/schema\/logo\/image\/\"},\"sameAs\":[\"https:\/\/www.facebook.com\/tripodart.cursos\/\",\"https:\/\/www.instagram.com\/tripod.art\/\"]}]}<\/script>\n<!-- \/ Yoast SEO plugin. -->","yoast_head_json":{"title":"Workshop fotograf\u00eda \"one-to-one\" - Cursos de Fotograf\u00eda | Tripodart","robots":{"index":"index","follow":"follow","max-snippet":"max-snippet:-1","max-image-preview":"max-image-preview:large","max-video-preview":"max-video-preview:-1"},"canonical":"https:\/\/tripodart.net\/cursos\/proximos-cursos\/workshop-fotografia-de-boda-one-to-one\/","og_locale":"es_ES","og_type":"article","og_title":"Workshop fotograf\u00eda \"one-to-one\" - Cursos de Fotograf\u00eda | Tripodart","og_description":"Si eres un fot\u00f3grafo aficionado o profesional, sabes lo importante que es tener la habilidad de capturar los momentos m\u00e1s importantes de una boda. Sin embargo, si quieres llevar tu trabajo a un nivel superior, es importante considerar la posibilidad de asistir a un workshop de fotograf\u00eda de bodas. Un workshop de fotograf\u00eda de bodas [&hellip;]","og_url":"https:\/\/tripodart.net\/cursos\/proximos-cursos\/workshop-fotografia-de-boda-one-to-one\/","og_site_name":"Cursos de Fotograf\u00eda | Tripodart","article_publisher":"https:\/\/www.facebook.com\/tripodart.cursos\/","article_modified_time":"2023-04-28T14:28:00+00:00","og_image":[{"width":4000,"height":2665,"url":"https:\/\/tripodart.net\/cursos\/wp-content\/uploads\/2012\/12\/matrix-studioboda.jpg","type":"image\/jpeg"}],"twitter_card":"summary_large_image","twitter_misc":{"Tiempo de lectura":"5 minutos"},"schema":{"@context":"https:\/\/schema.org","@graph":[{"@type":"WebPage","@id":"https:\/\/tripodart.net\/cursos\/proximos-cursos\/workshop-fotografia-de-boda-one-to-one\/","url":"https:\/\/tripodart.net\/cursos\/proximos-cursos\/workshop-fotografia-de-boda-one-to-one\/","name":"Workshop fotograf\u00eda \"one-to-one\" - Cursos de Fotograf\u00eda | Tripodart","isPartOf":{"@id":"https:\/\/tripodart.net\/cursos\/#website"},"primaryImageOfPage":{"@id":"https:\/\/tripodart.net\/cursos\/proximos-cursos\/workshop-fotografia-de-boda-one-to-one\/#primaryimage"},"image":{"@id":"https:\/\/tripodart.net\/cursos\/proximos-cursos\/workshop-fotografia-de-boda-one-to-one\/#primaryimage"},"thumbnailUrl":"https:\/\/tripodart.net\/cursos\/wp-content\/uploads\/2012\/12\/matrix-studioboda.jpg","datePublished":"2012-12-12T13:04:38+00:00","dateModified":"2023-04-28T14:28:00+00:00","breadcrumb":{"@id":"https:\/\/tripodart.net\/cursos\/proximos-cursos\/workshop-fotografia-de-boda-one-to-one\/#breadcrumb"},"inLanguage":"es","potentialAction":[{"@type":"ReadAction","target":["https:\/\/tripodart.net\/cursos\/proximos-cursos\/workshop-fotografia-de-boda-one-to-one\/"]}]},{"@type":"ImageObject","inLanguage":"es","@id":"https:\/\/tripodart.net\/cursos\/proximos-cursos\/workshop-fotografia-de-boda-one-to-one\/#primaryimage","url":"https:\/\/tripodart.net\/cursos\/wp-content\/uploads\/2012\/12\/matrix-studioboda.jpg","contentUrl":"https:\/\/tripodart.net\/cursos\/wp-content\/uploads\/2012\/12\/matrix-studioboda.jpg","width":4000,"height":2665,"caption":"El reportaje de boda est\u00e1 cambiando"},{"@type":"BreadcrumbList","@id":"https:\/\/tripodart.net\/cursos\/proximos-cursos\/workshop-fotografia-de-boda-one-to-one\/#breadcrumb","itemListElement":[{"@type":"ListItem","position":1,"name":"Portada","item":"https:\/\/tripodart.net\/cursos\/"},{"@type":"ListItem","position":2,"name":"Cursos","item":"https:\/\/tripodart.net\/cursos\/proximos-cursos\/"},{"@type":"ListItem","position":3,"name":"Workshop fotograf\u00eda \u00abone-to-one\u00bb"}]},{"@type":"WebSite","@id":"https:\/\/tripodart.net\/cursos\/#website","url":"https:\/\/tripodart.net\/cursos\/","name":"Cursos de Fotograf\u00eda | Tripodart","description":"Formaci\u00f3n para fot\u00f3grafos ","publisher":{"@id":"https:\/\/tripodart.net\/cursos\/#organization"},"potentialAction":[{"@type":"SearchAction","target":{"@type":"EntryPoint","urlTemplate":"https:\/\/tripodart.net\/cursos\/?s={search_term_string}"},"query-input":"required name=search_term_string"}],"inLanguage":"es"},{"@type":"Organization","@id":"https:\/\/tripodart.net\/cursos\/#organization","name":"Tripodart","url":"https:\/\/tripodart.net\/cursos\/","logo":{"@type":"ImageObject","inLanguage":"es","@id":"https:\/\/tripodart.net\/cursos\/#\/schema\/logo\/image\/","url":"https:\/\/tripodart.net\/cursos\/wp-content\/uploads\/2015\/08\/nuevo-logo-tripodart.jpg","contentUrl":"https:\/\/tripodart.net\/cursos\/wp-content\/uploads\/2015\/08\/nuevo-logo-tripodart.jpg","width":500,"height":181,"caption":"Tripodart"},"image":{"@id":"https:\/\/tripodart.net\/cursos\/#\/schema\/logo\/image\/"},"sameAs":["https:\/\/www.facebook.com\/tripodart.cursos\/","https:\/\/www.instagram.com\/tripod.art\/"]}]}},"_links":{"self":[{"href":"https:\/\/tripodart.net\/cursos\/wp-json\/wp\/v2\/pages\/990"}],"collection":[{"href":"https:\/\/tripodart.net\/cursos\/wp-json\/wp\/v2\/pages"}],"about":[{"href":"https:\/\/tripodart.net\/cursos\/wp-json\/wp\/v2\/types\/page"}],"author":[{"embeddable":true,"href":"https:\/\/tripodart.net\/cursos\/wp-json\/wp\/v2\/users\/1"}],"replies":[{"embeddable":true,"href":"https:\/\/tripodart.net\/cursos\/wp-json\/wp\/v2\/comments?post=990"}],"version-history":[{"count":22,"href":"https:\/\/tripodart.net\/cursos\/wp-json\/wp\/v2\/pages\/990\/revisions"}],"predecessor-version":[{"id":3815,"href":"https:\/\/tripodart.net\/cursos\/wp-json\/wp\/v2\/pages\/990\/revisions\/3815"}],"up":[{"embeddable":true,"href":"https:\/\/tripodart.net\/cursos\/wp-json\/wp\/v2\/pages\/187"}],"wp:featuredmedia":[{"embeddable":true,"href":"https:\/\/tripodart.net\/cursos\/wp-json\/wp\/v2\/media\/993"}],"wp:attachment":[{"href":"https:\/\/tripodart.net\/cursos\/wp-json\/wp\/v2\/media?parent=990"}],"curies":[{"name":"wp","href":"https:\/\/api.w.org\/{rel}","templated":true}]}}